{"id":3718,"date":"2022-03-10T23:35:44","date_gmt":"2022-03-10T22:35:44","guid":{"rendered":"https:\/\/www.coprime.fr\/les-associes\/"},"modified":"2025-09-29T17:22:52","modified_gmt":"2025-09-29T15:22:52","slug":"les-associes","status":"publish","type":"page","link":"https:\/\/www.coprime.fr\/en\/les-associes\/","title":{"rendered":"LES ASSOCI\u00c9S"},"content":{"rendered":"\t\t<div data-elementor-type=\"wp-page\" data-elementor-id=\"3718\" class=\"elementor elementor-3718 elementor-258\">\n\t\t\t\t\t\t<section class=\"elementor-section elementor-top-section elementor-element elementor-element-385727aa elementor-section-boxed elementor-section-height-default elementor-section-height-default\" data-id=\"385727aa\" data-element_type=\"section\" data-e-type=\"section\">\n\t\t\t\t\t\t<div class=\"elementor-container elementor-column-gap-default\">\n\t\t\t\t\t<div class=\"elementor-column elementor-col-100 elementor-top-column elementor-element elementor-element-22a23626\" data-id=\"22a23626\" data-element_type=\"column\" data-e-type=\"column\">\n\t\t\t<div class=\"elementor-widget-wrap elementor-element-populated\">\n\t\t\t\t\t\t<div class=\"elementor-element elementor-element-59942e40 elementor-widget elementor-widget-text-editor\" data-id=\"59942e40\" data-element_type=\"widget\" data-e-type=\"widget\" data-widget_type=\"text-editor.default\">\n\t\t\t\t<div class=\"elementor-widget-container\">\n\t\t\t\t\t\t\t\t\t<div id=\"team-2\" class=\"team-1 content-section content-section-spacing\" style=\"background-color: #ffffff;\" data-label=\"Team\" data-id=\"team--2\" data-export-id=\"team-1\" data-category=\"team\"><div class=\"gridContainer\"><div class=\"row text-center\" data-section-title-area=\"true\"><div class=\"section-title-col\" data-type=\"column\"><h3><span style=\"font-weight: 400;\">Faites la connaissance de nos <span style=\"font-weight: bold;\">salari\u00e9s associ\u00e9s<\/span>, qui aideront \u00e0 impulser un <span style=\"font-weight: bold;\">nouveau souffle<\/span> \u00e0 la soci\u00e9t\u00e9.<\/span><\/h3><\/div><\/div><div class=\"row spaced-cols content-center-sm\" data-type=\"row\"><div class=\"col-xs-12 col-sm-6 col-md-4 \"><div class=\"card no-padding no-shadow bottom-border-color7\"><p><img fetchpriority=\"high\" decoding=\"async\" class=\"aligncenter wp-image-4375 size-medium\" src=\"https:\/\/www.coprime.fr\/wp-content\/uploads\/2023\/07\/cropped-Design-sans-titre-4-292x300.png\" alt=\"J\u00e9r\u00f4me BETOUS Fondateur et G\u00e9rant de CoPrime\" width=\"292\" height=\"300\" srcset=\"https:\/\/www.coprime.fr\/wp-content\/uploads\/2023\/07\/cropped-Design-sans-titre-4-292x300.png 292w, https:\/\/www.coprime.fr\/wp-content\/uploads\/2023\/07\/cropped-Design-sans-titre-4-998x1024.png 998w, https:\/\/www.coprime.fr\/wp-content\/uploads\/2023\/07\/cropped-Design-sans-titre-4-768x788.png 768w, https:\/\/www.coprime.fr\/wp-content\/uploads\/2023\/07\/cropped-Design-sans-titre-4-1497x1536.png 1497w, https:\/\/www.coprime.fr\/wp-content\/uploads\/2023\/07\/cropped-Design-sans-titre-4-1024x1051.png 1024w, https:\/\/www.coprime.fr\/wp-content\/uploads\/2023\/07\/cropped-Design-sans-titre-4-1052x1080.png 1052w, https:\/\/www.coprime.fr\/wp-content\/uploads\/2023\/07\/cropped-Design-sans-titre-4.png 1558w\" sizes=\"(max-width: 292px) 100vw, 292px\" \/><\/p><h3><span style=\"font-family: Muli, arial, helvetica, sans-serif; font-weight: 300;\">J\u00e9r\u00f4me <span style=\"font-weight: 600;\">B\u00c9TOUS<\/span><\/span><\/h3><h4 class=\"\"><span style=\"font-family: Open Sans, arial, helvetica, sans-serif; font-weight: 400; color: #6b7c93;\">Fondateur et G\u00e9rant<\/span><\/h4><div><span style=\"font-family: Open Sans, arial, helvetica, sans-serif; font-weight: 400; color: #6b7c93;\">\u00a0<\/span><\/div><p><a class=\"button small color1 round outline\" href=\"https:\/\/www.linkedin.com\/in\/jeromebetous\" target=\"_blank\" rel=\"noopener\" data-cp-link=\"1\" data-icon=\"fa-linkedin-square\">LinkedIn<\/a><\/p><p>En 2009, j\u2019ai fond\u00e9 CoPrime pour accompagner les clients dans leurs pratiques du management des projets et de la gestion de portefeuille de projet, en posant comme socle fondamental les dimensions humaines, soci\u00e9tales et environnementales, et comme principe de faire simple !En effet, je suis convaincu que les projets r\u00e9ussissent parce que l\u2019humain est impliqu\u00e9 \u00e0 tout niveau, et donc par la qualit\u00e9 de la d\u00e9marche d\u2019accompagnement des transformations que n\u00e9cessite tout projet.Je serai tr\u00e8s heureux de vous rencontrer prochainement !<\/p><\/div><\/div><div class=\"col-xs-12 col-sm-6 col-md-4 \"><div class=\"card no-padding no-shadow bottom-border-color7\"><div class=\"col-padding-small col-padding-small-xs description-container\" data-type=\"column\"><h3><span style=\"font-family: 'Open Sans', arial, helvetica, sans-serif; font-weight: 400; color: #000000;\"><span style=\"font-family: Muli, arial, helvetica, sans-serif;\"><img decoding=\"async\" class=\"wp-image-4989 alignnone\" src=\"https:\/\/www.coprime.fr\/wp-content\/uploads\/2024\/11\/Design-sans-titre.png\" alt=\"J\u00e9r\u00f4me BETOUS Fondateur et G\u00e9rant de CoPrime\" width=\"206\" height=\"275\" srcset=\"https:\/\/www.coprime.fr\/wp-content\/uploads\/2024\/11\/Design-sans-titre.png 1536w, https:\/\/www.coprime.fr\/wp-content\/uploads\/2024\/11\/Design-sans-titre-225x300.png 225w, https:\/\/www.coprime.fr\/wp-content\/uploads\/2024\/11\/Design-sans-titre-768x1024.png 768w, https:\/\/www.coprime.fr\/wp-content\/uploads\/2024\/11\/Design-sans-titre-1152x1536.png 1152w, https:\/\/www.coprime.fr\/wp-content\/uploads\/2024\/11\/Design-sans-titre-1024x1365.png 1024w, https:\/\/www.coprime.fr\/wp-content\/uploads\/2024\/11\/Design-sans-titre-810x1080.png 810w\" sizes=\"(max-width: 206px) 100vw, 206px\" \/><\/span><\/span><\/h3><h3><span style=\"font-family: 'Open Sans', arial, helvetica, sans-serif; font-weight: 400; color: #000000;\"><span style=\"font-family: Muli, arial, helvetica, sans-serif;\">Houria <\/span><span style=\"font-weight: 600;\">BENSAADI<\/span><\/span><\/h3><h4 class=\"\"><span style=\"font-family: Open Sans, arial, helvetica, sans-serif; font-weight: 400; color: #6b7c93;\">Co-manager BU Technique<\/span><\/h4><div class=\"social-icons-group\" data-type=\"group\">\u00a0<\/div><p><a class=\"button small color1 round outline\" href=\"https:\/\/www.linkedin.com\/in\/houria-bensaadi-287b2a6\" target=\"_blank\" rel=\"noopener\" data-cp-link=\"1\" data-icon=\"\">LinkedIn<\/a><\/p><span style=\"color: #808080;\">J\u2019ai rejoint la soci\u00e9t\u00e9 \u00ab CoPrime \u00bb pour sa taille humaine et surtout ses valeurs morales qu\u2019elle v\u00e9hicule et qui guide le management et la collaboration des salari\u00e9s.<\/span><br \/><span style=\"color: #808080;\"><br \/>C\u2019est une des raisons qui m\u2019a pouss\u00e9 \u00e0 investir dans le capital de CoPrime afin de me permettre de partager ces valeurs au-del\u00e0 de mon implication professionnelle, l\u2019autre raison est que le monde du PPM est en pleine \u00e9volution et il reste beaucoup \u00e0 faire ! Je <span style=\"font-weight: 400;\">rel\u00e8ve le d\u00e9fi <\/span>en devenant Associ\u00e9e !<\/span><\/div><\/div><\/div><div class=\"col-xs-12 col-sm-6 col-md-4\"><p><img decoding=\"async\" class=\"face\" title=\"coprime-david-marchal-associe\" src=\"https:\/\/www.coprime.fr\/wp-content\/uploads\/2022\/07\/cropped-cropped-20201012_130155-225x300-1.jpg\" alt=\"coprime-david-marchal-associe\" \/><\/p><h3 class=\"\"><span style=\"font-family: Muli, arial, helvetica, sans-serif;\"><span style=\"font-weight: 300;\">David<\/span> MARCHAL<\/span><\/h3><h4 class=\"\"><span style=\"font-family: Open Sans, arial, helvetica, sans-serif; font-weight: 400; color: #6b7c93;\">Consultant Expert en Gestion de Portefeuille de Projets<\/span><\/h4><p><a class=\"button small color1 round outline\" href=\"https:\/\/www.linkedin.com\/in\/david-marchal-53737943\" target=\"_blank\" rel=\"noopener\" data-cp-link=\"1\" data-icon=\"\">LinkedIn<\/a><\/p><p><span style=\"color: #808080;\">Ing\u00e9nieur Telecom Sud Paris, j\u2019ai d\u00e9but\u00e9 en tant qu\u2019ing\u00e9nieur \u00e9tude et d\u00e9veloppement dans les DSI d\u2019op\u00e9rateurs Telecom. Depuis 2010, d\u2019abord chez vente-privee.com puis avec CoPrime, je travaille sur Clarity PPM depuis la version 8 jusqu\u2019\u00e0 l\u2019actuelle (Modern UI, Rest API, Jaspersoft, Oracle).<\/span><br \/><span style=\"color: #808080;\"><sup><br \/>J\u2019appr\u00e9cie la diversit\u00e9 technique des projets : d\u00e9veloppement pur, architecture, audit des solutions d\u00e9ploy\u00e9es. Les challenges sont nombreux et cela m\u2019impose d\u2019\u00eatre en constante veille technologique.<\/sup><\/span><br \/><span style=\"color: #808080;\"><sup><br \/>Je souhaite d\u00e9sormais m\u2019investir en tant qu\u2019associ\u00e9 dans CoPrime pour contribuer au d\u00e9veloppement de la soci\u00e9t\u00e9, p\u00e9renniser ses acquis \u2026.<\/sup><\/span><\/p><\/div><div class=\"col-xs-12 col-sm-6 col-md-4 \"><div class=\"card no-padding no-shadow bottom-border-color7\"><p><img decoding=\"async\" class=\"face\" title=\"cropped-cropped-cropped-Icone-Coprime-boussole.png\" src=\"https:\/\/www.coprime.fr\/wp-content\/uploads\/2022\/03\/cropped-cropped-cropped-Icone-Coprime-boussole.png\" alt=\"Icone CoPrime Site Internet\" \/><\/p><div class=\"col-padding-small col-padding-small-xs description-container\" data-type=\"column\"><h3 class=\"\"><span style=\"font-family: Muli, arial, helvetica, sans-serif; font-weight: 300;\">Daniel <span style=\"font-weight: 600;\">NOUHAUD<\/span><\/span><\/h3><h4 class=\"\"><span style=\"color: #6b7c93; font-family: Open Sans, arial, helvetica, sans-serif; font-weight: 400;\">Manager BU Technique<\/span><\/h4><div class=\"social-icons-group\" data-type=\"group\">\u00a0<\/div><p><span style=\"font-family: Open Sans, arial, helvetica, sans-serif;\"><sup>Je suis rentr\u00e9 en tant que consultant s\u00e9nior chez CoPrime en 2012. Au fil de ces ann\u00e9es j\u2019ai vu grandir CoPrime et vu se renforcer la relation avec ses clients.<br \/>Dans un tel contexte devenir associ\u00e9 devenait une \u00e9vidence.<br \/>Cela s\u2019est mat\u00e9rialis\u00e9 d\u00e9but 2020, lorsque J\u00e9r\u00f4me B\u00e9tous a ouvert le capital \u00e0 l\u2019ensemble des salari\u00e9s alors pr\u00e9sents.<\/sup><\/span><\/p><\/div><p class=\"col-padding-small col-padding-small-xs description-container\" data-type=\"column\"><span style=\"color: #6b7c93;\">Actuellement associ\u00e9 salari\u00e9 j\u2019occupe la fonction de Responsable du centre de service CoPrime.\u00a0<\/span><\/p><\/div><\/div><div class=\"col-xs-12 col-sm-6 col-md-4 \"><div class=\"card no-padding no-shadow bottom-border-color7\"><p><img decoding=\"async\" class=\"face\" title=\"cropped-Design-sans-titre-3.png\" src=\"https:\/\/www.coprime.fr\/wp-content\/uploads\/2023\/07\/cropped-Design-sans-titre-3.png\" alt=\"\" \/><\/p><div class=\"col-padding-small col-padding-small-xs description-container\" data-type=\"column\"><h3 class=\"\"><span style=\"font-family: Open Sans, arial, helvetica, sans-serif;\"><span style=\"font-weight: 300;\">Denis<\/span> UZAN<\/span><\/h3><h4 class=\"\"><span style=\"color: #6b7c93; font-family: Open Sans, arial, helvetica, sans-serif; font-weight: 400;\">Manager BU Fonctionnelle<\/span><\/h4><div class=\"social-icons-group\" data-type=\"group\">\u00a0<\/div><p><a class=\"button small color1 round outline\" href=\"https:\/\/www.linkedin.com\/in\/denis-uzan-828b176\" target=\"_blank\" rel=\"noopener\" data-cp-link=\"1\" data-icon=\"\">LinkedIn<\/a><\/p><p>Originaire du monde de la Logistique, j\u2019ai tr\u00e8s rapidement \u00e9t\u00e9 confront\u00e9 aux enjeux des fonctionnements en \u2018mode projet\u2019.<br \/>Depuis 2010, j\u2019ai pu constater \u00e0 quel point le \u2018mode projet\u2019 avait pu s\u2019\u00e9manciper et se d\u00e9mocratiser, jusqu\u2019\u00e0 se retrouver aujourd\u2019hui au sein de l\u2019ensemble des secteurs d\u2019activit\u00e9s \u00e9conomiques de nos soci\u00e9t\u00e9s.<br \/>Redonner du Sens aux fonctions de chacun, aux objectifs \u00e0 atteindre, aux modes de fonctionnement, tout en r\u00e9duisant autant que possible le cloisonnement inh\u00e9rent \u00e0 la majorit\u00e9 des organisations, <span style=\"color: #6b7c93;\">tels sont les principes qui animent ma volont\u00e9 d\u2019accompagner nos clients.<br \/><\/span><\/p><\/div><\/div><\/div><div class=\"col-xs-12 col-sm-6 col-md-4 \"><div class=\"card no-padding no-shadow bottom-border-color7\"><p><img decoding=\"async\" class=\"alignnone wp-image-6311 size-medium\" src=\"https:\/\/www.coprime.fr\/wp-content\/uploads\/2025\/09\/Abdellah-e1759158558940-298x300.jpeg\" alt=\"\" width=\"298\" height=\"300\" srcset=\"https:\/\/www.coprime.fr\/wp-content\/uploads\/2025\/09\/Abdellah-e1759158558940-298x300.jpeg 298w, https:\/\/www.coprime.fr\/wp-content\/uploads\/2025\/09\/Abdellah-e1759158558940-150x150.jpeg 150w, https:\/\/www.coprime.fr\/wp-content\/uploads\/2025\/09\/Abdellah-e1759158558940-768x772.jpeg 768w, https:\/\/www.coprime.fr\/wp-content\/uploads\/2025\/09\/Abdellah-e1759158558940.jpeg 777w\" sizes=\"(max-width: 298px) 100vw, 298px\" \/><\/p><div class=\"col-padding-small col-padding-small-xs description-container\" data-type=\"column\"><h3 class=\"\"><span style=\"font-weight: 300; font-family: Open Sans, arial, helvetica, sans-serif;\">Abdellah <span style=\"font-weight: 600;\">CHLYAH<\/span><\/span><\/h3><h4 class=\"\"><span style=\"color: #808080;\">Expert PPM | PMO<\/span>\u00a0<\/h4><div class=\"social-icons-group\" data-type=\"group\">\u00a0<\/div><p><a class=\"button small color1 round outline\" href=\"https:\/\/www.linkedin.com\/in\/abdellahchlyah\/\" target=\"_blank\" rel=\"noopener\" data-cp-link=\"1\" data-icon=\"\">LinkedIn<\/a><\/p><p>Consultant chez CoPrime depuis plusieurs ann\u00e9es, j\u2019ai voulu m\u2019impliquer, en plus de la r\u00e9alisation de mes missions, dans le d\u00e9veloppement de l\u2019entreprise.<br \/><span style=\"font-family: Open Sans, arial, helvetica, sans-serif;\"><sup><br \/>L\u2019envie de voir l\u2019envers du d\u00e9cor et de mieux comprendre voire de participer \u00e0 la vision strat\u00e9gique \u00e9tait une id\u00e9e s\u00e9duisante.<\/sup><\/span><br \/><span style=\"font-family: Open Sans, arial, helvetica, sans-serif;\"><sup><br \/>Lorsqu\u2019elle s\u2019est pr\u00e9sent\u00e9e, j\u2019ai donc tout naturellement saisi l\u2019opportunit\u00e9 de devenir associ\u00e9 pour \u00e9crire un nouveau chapitre de ma vie professionnelle.<\/sup><\/span><\/p><\/div><\/div><\/div><\/div><\/div><\/div>\t\t\t\t\t\t\t\t<\/div>\n\t\t\t\t<\/div>\n\t\t\t\t\t<\/div>\n\t\t<\/div>\n\t\t\t\t\t<\/div>\n\t\t<\/section>\n\t\t\t\t<\/div>\n\t\t","protected":false},"excerpt":{"rendered":"<p>Faites la connaissance de nos salari\u00e9s associ\u00e9s, qui aideront \u00e0 impulser un nouveau souffle \u00e0 la soci\u00e9t\u00e9.J\u00e9r\u00f4me B\u00c9TOUSFondateur et G\u00e9rant\u00a0LinkedInEn 2009, j\u2019ai fond\u00e9 CoPrime pour accompagner les clients dans leurs pratiques du management des projets et de la gestion de portefeuille de projet, en posant comme socle fondamental les dimensions humaines, soci\u00e9tales et environnementales, et&hellip; <br \/> <a class=\"read-more\" href=\"https:\/\/www.coprime.fr\/en\/les-associes\/\">Read more<\/a><\/p>\n","protected":false},"author":6,"featured_media":0,"parent":0,"menu_order":0,"comment_status":"closed","ping_status":"closed","template":"pro\/page-templates\/full-width-page.php","meta":{"_kadence_starter_templates_imported_post":false,"footnotes":""},"class_list":["post-3718","page","type-page","status-publish","hentry"],"_links":{"self":[{"href":"https:\/\/www.coprime.fr\/en\/wp-json\/wp\/v2\/pages\/3718","targetHints":{"allow":["GET"]}}],"collection":[{"href":"https:\/\/www.coprime.fr\/en\/wp-json\/wp\/v2\/pages"}],"about":[{"href":"https:\/\/www.coprime.fr\/en\/wp-json\/wp\/v2\/types\/page"}],"author":[{"embeddable":true,"href":"https:\/\/www.coprime.fr\/en\/wp-json\/wp\/v2\/users\/6"}],"replies":[{"embeddable":true,"href":"https:\/\/www.coprime.fr\/en\/wp-json\/wp\/v2\/comments?post=3718"}],"version-history":[{"count":64,"href":"https:\/\/www.coprime.fr\/en\/wp-json\/wp\/v2\/pages\/3718\/revisions"}],"predecessor-version":[{"id":6329,"href":"https:\/\/www.coprime.fr\/en\/wp-json\/wp\/v2\/pages\/3718\/revisions\/6329"}],"wp:attachment":[{"href":"https:\/\/www.coprime.fr\/en\/wp-json\/wp\/v2\/media?parent=3718"}],"curies":[{"name":"wp","href":"https:\/\/api.w.org\/{rel}","templated":true}]}}