{"id":2080,"date":"2022-03-10T23:36:41","date_gmt":"2022-03-10T22:36:41","guid":{"rendered":"http:\/\/ugxfcne.cluster031.hosting.ovh.net\/?page_id=2080"},"modified":"2025-03-06T11:58:12","modified_gmt":"2025-03-06T10:58:12","slug":"notre-culture","status":"publish","type":"page","link":"https:\/\/www.coprime.fr\/en\/notre-culture\/","title":{"rendered":"NOTRE CULTURE"},"content":{"rendered":"\t\t<div data-elementor-type=\"wp-page\" data-elementor-id=\"2080\" class=\"elementor elementor-2080 elementor-260\">\n\t\t\t\t\t\t<section class=\"elementor-section elementor-top-section elementor-element elementor-element-6770ce9 elementor-section-boxed elementor-section-height-default elementor-section-height-default\" data-id=\"6770ce9\" data-element_type=\"section\" data-e-type=\"section\">\n\t\t\t\t\t\t<div class=\"elementor-container elementor-column-gap-default\">\n\t\t\t\t\t<div class=\"elementor-column elementor-col-100 elementor-top-column elementor-element elementor-element-056ee36\" data-id=\"056ee36\" data-element_type=\"column\" data-e-type=\"column\">\n\t\t\t<div class=\"elementor-widget-wrap elementor-element-populated\">\n\t\t\t\t\t\t<div class=\"elementor-element elementor-element-4ec8d3a elementor-widget elementor-widget-text-editor\" data-id=\"4ec8d3a\" data-element_type=\"widget\" data-e-type=\"widget\" data-widget_type=\"text-editor.default\">\n\t\t\t\t<div class=\"elementor-widget-container\">\n\t\t\t\t\t\t\t\t\t<h3><span style=\"font-weight: 400;\">Parce que <span style=\"font-weight: bold;\">les valeurs RSE<\/span> sont source de sens et conditionnent <span style=\"font-weight: bold;\">nos actions<\/span> et <span style=\"font-weight: bold;\">nos engagements<\/span>, nous souhaitons les partager avec vous<\/span><\/h3><p class=\"lead\"><span style=\"font-weight: 400;\">Pour les valeurs RSE que l\u2019on souhaite partager, pour l\u2019exigence et l\u2019excellence que nous recherchons pour nous et nos clients, pour le respect des principes de l\u00e9galit\u00e9 et des droits de l\u2019homme.<\/span><\/p>\t\t\t\t\t\t\t\t<\/div>\n\t\t\t\t<\/div>\n\t\t\t\t\t<\/div>\n\t\t<\/div>\n\t\t\t\t\t<\/div>\n\t\t<\/section>\n\t\t\t\t<section class=\"elementor-section elementor-top-section elementor-element elementor-element-a12c721 elementor-section-boxed elementor-section-height-default elementor-section-height-default\" data-id=\"a12c721\" data-element_type=\"section\" data-e-type=\"section\">\n\t\t\t\t\t\t<div class=\"elementor-container elementor-column-gap-default\">\n\t\t\t\t\t<div class=\"elementor-column elementor-col-100 elementor-top-column elementor-element elementor-element-3874d10\" data-id=\"3874d10\" data-element_type=\"column\" data-e-type=\"column\">\n\t\t\t<div class=\"elementor-widget-wrap elementor-element-populated\">\n\t\t\t\t\t\t<div class=\"elementor-element elementor-element-81107c0 elementor-widget elementor-widget-image\" data-id=\"81107c0\" data-element_type=\"widget\" data-e-type=\"widget\" data-widget_type=\"image.default\">\n\t\t\t\t<div class=\"elementor-widget-container\">\n\t\t\t\t\t\t\t\t\t\t\t\t\t\t\t<img fetchpriority=\"high\" decoding=\"async\" width=\"1024\" height=\"490\" src=\"https:\/\/www.coprime.fr\/wp-content\/uploads\/2022\/07\/coprime-raison-detre-1-1024x490.png\" class=\"attachment-large size-large wp-image-2739\" alt=\"coprime-raison-detre\" srcset=\"https:\/\/www.coprime.fr\/wp-content\/uploads\/2022\/07\/coprime-raison-detre-1-1024x490.png 1024w, https:\/\/www.coprime.fr\/wp-content\/uploads\/2022\/07\/coprime-raison-detre-1-300x144.png 300w, https:\/\/www.coprime.fr\/wp-content\/uploads\/2022\/07\/coprime-raison-detre-1-768x368.png 768w, https:\/\/www.coprime.fr\/wp-content\/uploads\/2022\/07\/coprime-raison-detre-1.png 1228w\" sizes=\"(max-width: 1024px) 100vw, 1024px\" \/>\t\t\t\t\t\t\t\t\t\t\t\t\t\t\t<\/div>\n\t\t\t\t<\/div>\n\t\t\t\t\t<\/div>\n\t\t<\/div>\n\t\t\t\t\t<\/div>\n\t\t<\/section>\n\t\t\t\t<section class=\"elementor-section elementor-top-section elementor-element elementor-element-e47d5ec elementor-section-boxed elementor-section-height-default elementor-section-height-default\" data-id=\"e47d5ec\" data-element_type=\"section\" data-e-type=\"section\">\n\t\t\t\t\t\t<div class=\"elementor-container elementor-column-gap-default\">\n\t\t\t\t\t<div class=\"elementor-column elementor-col-100 elementor-top-column elementor-element elementor-element-9084461\" data-id=\"9084461\" data-element_type=\"column\" data-e-type=\"column\">\n\t\t\t<div class=\"elementor-widget-wrap elementor-element-populated\">\n\t\t\t\t\t\t<div class=\"elementor-element elementor-element-3ccc9cc elementor-widget elementor-widget-spacer\" data-id=\"3ccc9cc\" data-element_type=\"widget\" data-e-type=\"widget\" data-widget_type=\"spacer.default\">\n\t\t\t\t<div class=\"elementor-widget-container\">\n\t\t\t\t\t\t\t<div class=\"elementor-spacer\">\n\t\t\t<div class=\"elementor-spacer-inner\"><\/div>\n\t\t<\/div>\n\t\t\t\t\t\t<\/div>\n\t\t\t\t<\/div>\n\t\t\t\t\t<\/div>\n\t\t<\/div>\n\t\t\t\t\t<\/div>\n\t\t<\/section>\n\t\t\t\t<section class=\"elementor-section elementor-top-section elementor-element elementor-element-d0cae50 elementor-section-boxed elementor-section-height-default elementor-section-height-default\" data-id=\"d0cae50\" data-element_type=\"section\" data-e-type=\"section\">\n\t\t\t\t\t\t<div class=\"elementor-container elementor-column-gap-default\">\n\t\t\t\t\t<div class=\"elementor-column elementor-col-100 elementor-top-column elementor-element elementor-element-170b985\" data-id=\"170b985\" data-element_type=\"column\" data-e-type=\"column\">\n\t\t\t<div class=\"elementor-widget-wrap elementor-element-populated\">\n\t\t\t\t\t\t<div class=\"elementor-element elementor-element-b89ea38 elementor-widget elementor-widget-heading\" data-id=\"b89ea38\" data-element_type=\"widget\" data-e-type=\"widget\" data-widget_type=\"heading.default\">\n\t\t\t\t<div class=\"elementor-widget-container\">\n\t\t\t\t\t<h1 class=\"elementor-heading-title elementor-size-default\">Raison d'\u00eatre<\/h1>\t\t\t\t<\/div>\n\t\t\t\t<\/div>\n\t\t\t\t\t<\/div>\n\t\t<\/div>\n\t\t\t\t\t<\/div>\n\t\t<\/section>\n\t\t\t\t<section class=\"elementor-section elementor-top-section elementor-element elementor-element-452889d elementor-section-boxed elementor-section-height-default elementor-section-height-default\" data-id=\"452889d\" data-element_type=\"section\" data-e-type=\"section\">\n\t\t\t\t\t\t<div class=\"elementor-container elementor-column-gap-default\">\n\t\t\t\t\t<div class=\"elementor-column elementor-col-100 elementor-top-column elementor-element elementor-element-5d39c5a\" data-id=\"5d39c5a\" data-element_type=\"column\" data-e-type=\"column\">\n\t\t\t<div class=\"elementor-widget-wrap elementor-element-populated\">\n\t\t\t\t\t\t<div class=\"elementor-element elementor-element-c74c2cb elementor-widget elementor-widget-text-editor\" data-id=\"c74c2cb\" data-element_type=\"widget\" data-e-type=\"widget\" data-widget_type=\"text-editor.default\">\n\t\t\t\t<div class=\"elementor-widget-container\">\n\t\t\t\t\t\t\t\t\t<p class=\"\"><span style=\"font-family: Muli, arial, helvetica, sans-serif; font-weight: 600; color: #f0911e;\">Au fait, pourquoi CoPrime ?<\/span><\/p><p class=\"\" style=\"text-align: left;\"><span style=\"font-family: Muli, arial, helvetica, sans-serif; font-weight: 300; color: #343a40;\">C\u2019est avant tout une entreprise form\u00e9e d\u2019<span style=\"font-weight: 600;\">une \u00e9quipe venant de tous les horizons<\/span>, avec des parcours diff\u00e9rents, permettant d\u2019apporter <span style=\"font-weight: 600;\">exp\u00e9rience et richesse<\/span> \u00e0 nos clients !<\/span><\/p><p>C\u2019est aussi une volont\u00e9 d\u2019<span style=\"font-weight: 600;\">apporter de la limpidit\u00e9<\/span> dans les processus de gouvernance de l\u2019entreprise.<br \/><span style=\"font-family: Muli, arial, helvetica, sans-serif; font-weight: 300; color: #343a40;\"><br \/>C\u2019est enfin l\u2019id\u00e9e de <span style=\"font-weight: 600;\">r\u00e9inventer le monde du conseil<\/span> en gardant en ligne de mire la qualit\u00e9 de service, l\u2019honn\u00eatet\u00e9 de la promesse, le pragmatisme de nos conseils, l\u2019\u00e9coute des pr\u00e9occupations et enjeux de nos partenaires et clients.<\/span><\/p><p>Nous avons \u00e0 c\u0153ur de vous <span style=\"font-weight: 600;\">transmettre notre savoir et notre exp\u00e9rience<\/span> pour qu\u2019ensemble, clients, partenaires, CoPrime, nous r\u00e9ussissions \u00e0 transformer les entreprises <span style=\"font-weight: 600;\">en apportant de la valeur \u00e0 nos clients<\/span>.<\/p><p><span style=\"color: #f0911e;\"><br \/>Avec un ma\u00eetre mot : simplifier ! Notre valeur ajout\u00e9e est <span style=\"font-weight: 600;\">d\u2019optimiser votre fonctionnement<\/span> et d\u2019apporter des <span style=\"font-weight: 600;\">conseils efficaces<\/span> avec \u2026 simplicit\u00e9 !<\/span><\/p>\t\t\t\t\t\t\t\t<\/div>\n\t\t\t\t<\/div>\n\t\t\t\t\t<\/div>\n\t\t<\/div>\n\t\t\t\t\t<\/div>\n\t\t<\/section>\n\t\t\t\t<section class=\"elementor-section elementor-top-section elementor-element elementor-element-c5aa1ec elementor-section-boxed elementor-section-height-default elementor-section-height-default\" data-id=\"c5aa1ec\" data-element_type=\"section\" data-e-type=\"section\">\n\t\t\t\t\t\t<div class=\"elementor-container elementor-column-gap-default\">\n\t\t\t\t\t<div class=\"elementor-column elementor-col-100 elementor-top-column elementor-element elementor-element-8b3fa88\" data-id=\"8b3fa88\" data-element_type=\"column\" data-e-type=\"column\">\n\t\t\t<div class=\"elementor-widget-wrap elementor-element-populated\">\n\t\t\t\t\t\t<div class=\"elementor-element elementor-element-6ac6b64 elementor-widget elementor-widget-spacer\" data-id=\"6ac6b64\" data-element_type=\"widget\" data-e-type=\"widget\" data-widget_type=\"spacer.default\">\n\t\t\t\t<div class=\"elementor-widget-container\">\n\t\t\t\t\t\t\t<div class=\"elementor-spacer\">\n\t\t\t<div class=\"elementor-spacer-inner\"><\/div>\n\t\t<\/div>\n\t\t\t\t\t\t<\/div>\n\t\t\t\t<\/div>\n\t\t\t\t\t<\/div>\n\t\t<\/div>\n\t\t\t\t\t<\/div>\n\t\t<\/section>\n\t\t\t\t<section class=\"elementor-section elementor-top-section elementor-element elementor-element-c76dc29 elementor-section-boxed elementor-section-height-default elementor-section-height-default\" data-id=\"c76dc29\" data-element_type=\"section\" data-e-type=\"section\">\n\t\t\t\t\t\t<div class=\"elementor-container elementor-column-gap-default\">\n\t\t\t\t\t<div class=\"elementor-column elementor-col-100 elementor-top-column elementor-element elementor-element-399878e\" data-id=\"399878e\" data-element_type=\"column\" data-e-type=\"column\">\n\t\t\t<div class=\"elementor-widget-wrap elementor-element-populated\">\n\t\t\t\t\t\t<div class=\"elementor-element elementor-element-aa7de6a elementor-widget elementor-widget-heading\" data-id=\"aa7de6a\" data-element_type=\"widget\" data-e-type=\"widget\" data-widget_type=\"heading.default\">\n\t\t\t\t<div class=\"elementor-widget-container\">\n\t\t\t\t\t<h1 class=\"elementor-heading-title elementor-size-default\">Nos  valeurs<\/h1>\t\t\t\t<\/div>\n\t\t\t\t<\/div>\n\t\t\t\t\t<\/div>\n\t\t<\/div>\n\t\t\t\t\t<\/div>\n\t\t<\/section>\n\t\t\t\t<section class=\"elementor-section elementor-top-section elementor-element elementor-element-f893a73 elementor-section-boxed elementor-section-height-default elementor-section-height-default\" data-id=\"f893a73\" data-element_type=\"section\" data-e-type=\"section\">\n\t\t\t\t\t\t<div class=\"elementor-container elementor-column-gap-default\">\n\t\t\t\t\t<div class=\"elementor-column elementor-col-100 elementor-top-column elementor-element elementor-element-a54e8a7\" data-id=\"a54e8a7\" data-element_type=\"column\" data-e-type=\"column\">\n\t\t\t<div class=\"elementor-widget-wrap elementor-element-populated\">\n\t\t\t\t\t\t<div class=\"elementor-element elementor-element-0014e2b elementor-widget elementor-widget-text-editor\" data-id=\"0014e2b\" data-element_type=\"widget\" data-e-type=\"widget\" data-widget_type=\"text-editor.default\">\n\t\t\t\t<div class=\"elementor-widget-container\">\n\t\t\t\t\t\t\t\t\t<div class=\"col-xs-12 col-sm-6 col-md-12 \"><div class=\"card row-card bottom-border-color8\"><div class=\"row\"><div class=\"col-sm\" data-type=\"column\"><h3 class=\"\" style=\"text-align: left;\"><span style=\"font-family: verdana, geneva, sans-serif; font-weight: 900;\"><span style=\"color: #f0911e;\">C<\/span><span style=\"font-weight: bold;\">OMP\u00c9TENCES<\/span><\/span><\/h3><p class=\"\" style=\"text-align: left;\"><sup><span style=\"font-family: verdana, geneva, sans-serif;\">Le partage des comp\u00e9tences est une de nos valeurs fortes. L\u2019entreprise a \u00e9t\u00e9 fond\u00e9e par 3 associ\u00e9s ayant chacun une longue exp\u00e9rience de la gestion de projets\/portefeuille de projets, et chacun de nos collaborateurs en b\u00e9n\u00e9ficie. Les formations, en partenariat avec les \u00e9diteurs de progiciels ou via des cabinets sp\u00e9cialis\u00e9s, sont primordiales pour tous les nouveaux arrivants.<\/span><\/sup><\/p><\/div><\/div><\/div><\/div><div class=\"col-xs-12 col-sm-6 col-md-12 \"><div class=\"card row-card bottom-border-color8\"><div class=\"row\"><div class=\"col-sm-fit icon-column\">\u00a0<\/div><div class=\"col-sm\" data-type=\"column\"><h3 class=\"\" style=\"text-align: left;\"><span style=\"font-weight: 900; font-family: verdana, geneva, sans-serif;\"><span style=\"color: #f0911e;\">O<\/span><span style=\"font-weight: bold;\">UVERTURE<\/span><\/span><\/h3><p class=\"\" style=\"text-align: left;\"><sup><span style=\"font-family: verdana, geneva, sans-serif; font-weight: 600;\">CoPrime consid\u00e8re :<\/span><\/sup><br \/><sup><span style=\"font-family: verdana, geneva, sans-serif;\"><span style=\"color: #f0911e;\"><br \/>\u2022 <\/span>La diversit\u00e9 comme un atout majeur, une source d\u2019enrichissement et d\u2019apprentissage. Nous appliquons le m\u00eame principe d\u2019ouverture avec nos clients, apportant nos comp\u00e9tences et nos conseils tout en accordant une \u00e9coute importante aux besoins ou aux orientations qu\u2019ils nous donnent<br \/><\/span><\/sup><sup><span style=\"font-family: verdana, geneva, sans-serif;\"><span style=\"color: #f0911e;\">\u2022<\/span> Que les utilisateurs finaux doivent \u00eatre les premiers b\u00e9n\u00e9ficiaires de notre travail : leur avis est donc d\u2019une importance capitale pour le succ\u00e8s du projet<\/span><\/sup><\/p><\/div><\/div><\/div><\/div><div class=\"col-xs-12 col-sm-6 col-md-12 \"><div class=\"card row-card bottom-border-color8\"><div class=\"row\"><div class=\"col-sm-fit icon-column\">\u00a0<\/div><h3 class=\"\" style=\"text-align: left;\"><span style=\"font-weight: 900; font-family: verdana, geneva, sans-serif;\"><span style=\"color: #f0911e;\">P<\/span><span style=\"font-weight: bold;\">ARTENARIAT<\/span><\/span><\/h3><p>Chaque engagement de CoPrime avec nos Clients se construit dans un esprit de partenariat et de confiance, traduit par une collaboration r\u00e9ussie et de long terme. Les \u00e9changes instaur\u00e9s dans ce cadre sont de nature \u00e0 favoriser le r\u00e9sultat de nos missions et donc garantir une satisfaction maximale de nos Clients.<\/p><\/div><\/div><\/div><div class=\"col-xs-12 col-sm-6 col-md-12 \"><div class=\"card row-card bottom-border-color8\"><div class=\"row\"><div class=\"col-sm-fit icon-column\">\u00a0<\/div><div class=\"col-sm\" data-type=\"column\"><h3 class=\"\" style=\"text-align: left;\"><span style=\"font-weight: 900; font-family: verdana, geneva, sans-serif;\"><span style=\"color: #f0911e;\">R<\/span><span style=\"font-weight: bold;\">ESPECT<\/span><\/span><\/h3><p class=\"\" style=\"text-align: left;\"><sup><span style=\"font-family: verdana, geneva, sans-serif;\">CoPrime s\u2019attache \u00e0 promouvoir un respect mutuel au sein de l\u2019\u00e9quipe. Cette m\u00eame d\u00e9marche pr\u00e9vaut dans le cadre des relations avec nos Clients.<\/span><\/sup><\/p><\/div><\/div><\/div><\/div><div class=\"col-xs-12 col-sm-6 col-md-12\"><div class=\"card row-card bottom-border-color8\"><div class=\"row\"><div class=\"col-sm-fit icon-column\">\u00a0<\/div><div class=\"col-sm\" data-type=\"column\"><h3 class=\"\" style=\"text-align: left;\"><span style=\"font-weight: 900; font-family: verdana, geneva, sans-serif;\"><span style=\"color: #f0911e;\">I<\/span><span style=\"font-weight: bold;\">NT\u00c9GRATION<\/span><\/span><\/h3><p class=\"\" style=\"text-align: left;\"><sup><span style=\"font-family: verdana, geneva, sans-serif;\">Nous accordons un souci particulier \u00e0 int\u00e9grer nos travaux au sein de l\u2019organisation de nos Clients. Le transfert de connaissance vers les \u00e9quipes est continu au cours de nos missions afin de garantir la p\u00e9rennit\u00e9 de nos interventions.<\/span><\/sup><\/p><\/div><\/div><\/div><\/div><div class=\"col-xs-12 col-sm-6 col-md-12\"><div class=\"card row-card bottom-border-color8\"><div class=\"row\"><div class=\"col-sm-fit icon-column\">\u00a0<\/div><div class=\"col-sm\" data-type=\"column\"><h3 class=\"\" style=\"text-align: left;\"><span style=\"font-weight: 900; font-family: verdana, geneva, sans-serif;\"><span style=\"color: #f0911e;\">M<\/span><span style=\"font-weight: bold;\">OTIVATION<\/span><\/span><\/h3><p><sup><span style=\"font-family: verdana, geneva, sans-serif;\">Nous sommes curieux de d\u00e9couvrir de nouveaux environnements, d\u2019aborder de nouvelles probl\u00e9matiques, de faire partager nos savoir-faire afin de r\u00e9pondre aux demandes.<\/span><\/sup><\/p><\/div><\/div><\/div><\/div><div class=\"col-xs-12 col-sm-6 col-md-12\"><div class=\"card row-card bottom-border-color8\"><div class=\"row\"><div class=\"col-sm-fit icon-column\">\u00a0<\/div><div class=\"col-sm\" data-type=\"column\"><h3 class=\"\" style=\"text-align: left;\"><span style=\"font-weight: 900; font-family: verdana, geneva, sans-serif;\"><span style=\"color: #f0911e;\">E<\/span><span style=\"font-weight: bold;\">NGAGEMENT<\/span><\/span><\/h3><p><sup><span style=\"font-family: verdana, geneva, sans-serif;\">Cette valeur int\u00e9gr\u00e9e dans le management de CoPrime cr\u00e9e un contexte favorable \u00e0 la responsabilisation de chacun et motive chacun d\u2019entre nous \u00e0 participer \u00e0 l\u2019am\u00e9lioration continue de notre performance chez nos Clients.<\/span><\/sup><\/p><\/div><\/div><\/div><\/div>\t\t\t\t\t\t\t\t<\/div>\n\t\t\t\t<\/div>\n\t\t\t\t\t<\/div>\n\t\t<\/div>\n\t\t\t\t\t<\/div>\n\t\t<\/section>\n\t\t\t\t<section class=\"elementor-section elementor-top-section elementor-element elementor-element-8658068 elementor-section-boxed elementor-section-height-default elementor-section-height-default\" data-id=\"8658068\" data-element_type=\"section\" data-e-type=\"section\">\n\t\t\t\t\t\t<div class=\"elementor-container elementor-column-gap-default\">\n\t\t\t\t\t<div class=\"elementor-column elementor-col-100 elementor-top-column elementor-element elementor-element-82a64ec\" data-id=\"82a64ec\" data-element_type=\"column\" data-e-type=\"column\">\n\t\t\t<div class=\"elementor-widget-wrap elementor-element-populated\">\n\t\t\t\t\t\t<div class=\"elementor-element elementor-element-073b440 elementor-widget elementor-widget-spacer\" data-id=\"073b440\" data-element_type=\"widget\" data-e-type=\"widget\" data-widget_type=\"spacer.default\">\n\t\t\t\t<div class=\"elementor-widget-container\">\n\t\t\t\t\t\t\t<div class=\"elementor-spacer\">\n\t\t\t<div class=\"elementor-spacer-inner\"><\/div>\n\t\t<\/div>\n\t\t\t\t\t\t<\/div>\n\t\t\t\t<\/div>\n\t\t\t\t\t<\/div>\n\t\t<\/div>\n\t\t\t\t\t<\/div>\n\t\t<\/section>\n\t\t\t\t<section class=\"elementor-section elementor-top-section elementor-element elementor-element-ce0b382 elementor-section-boxed elementor-section-height-default elementor-section-height-default\" data-id=\"ce0b382\" data-element_type=\"section\" data-e-type=\"section\">\n\t\t\t\t\t\t<div class=\"elementor-container elementor-column-gap-default\">\n\t\t\t\t\t<div class=\"elementor-column elementor-col-100 elementor-top-column elementor-element elementor-element-61b2705\" data-id=\"61b2705\" data-element_type=\"column\" data-e-type=\"column\">\n\t\t\t<div class=\"elementor-widget-wrap elementor-element-populated\">\n\t\t\t\t\t\t<div class=\"elementor-element elementor-element-5608a90 elementor-widget elementor-widget-heading\" data-id=\"5608a90\" data-element_type=\"widget\" data-e-type=\"widget\" data-widget_type=\"heading.default\">\n\t\t\t\t<div class=\"elementor-widget-container\">\n\t\t\t\t\t<h1 class=\"elementor-heading-title elementor-size-default\">Nos engagements<\/h1>\t\t\t\t<\/div>\n\t\t\t\t<\/div>\n\t\t\t\t\t<\/div>\n\t\t<\/div>\n\t\t\t\t\t<\/div>\n\t\t<\/section>\n\t\t\t\t<section class=\"elementor-section elementor-top-section elementor-element elementor-element-1f2bddb elementor-section-boxed elementor-section-height-default elementor-section-height-default\" data-id=\"1f2bddb\" data-element_type=\"section\" data-e-type=\"section\">\n\t\t\t\t\t\t<div class=\"elementor-container elementor-column-gap-default\">\n\t\t\t\t\t<div class=\"elementor-column elementor-col-100 elementor-top-column elementor-element elementor-element-284ff22\" data-id=\"284ff22\" data-element_type=\"column\" data-e-type=\"column\">\n\t\t\t<div class=\"elementor-widget-wrap elementor-element-populated\">\n\t\t\t\t\t\t<div class=\"elementor-element elementor-element-a5c95ca elementor-widget elementor-widget-text-editor\" data-id=\"a5c95ca\" data-element_type=\"widget\" data-e-type=\"widget\" data-widget_type=\"text-editor.default\">\n\t\t\t\t<div class=\"elementor-widget-container\">\n\t\t\t\t\t\t\t\t\t<div class=\"row text-center\"><div class=\"section-title-col\" data-type=\"column\"><h2 class=\"\">\u00a0<\/h2><\/div><\/div><div class=\"row middle-sm\"><div class=\"col-sm-6 space-bottom-xs\"><div class=\"row space-bottom\" data-type=\"row\"><div class=\"col-sm-6 space-bottom\"><p><a class=\"\" href=\"https:\/\/www.unglobalcompact.org\" target=\"_blank\" rel=\"noopener\" data-cp-link=\"1\"><img decoding=\"async\" class=\"custom-image\" title=\"coprime-the-global-compact\" src=\"https:\/\/www.coprime.fr\/wp-content\/uploads\/2022\/07\/coprime-the-global-compact-2.png\" alt=\"coprime-the-global-compact\" \/><\/a><\/p><p class=\"\"><span style=\"color: #343a40;\">Depuis 2015, Coprime est membre du <span style=\"font-weight: bold;\">Global compact<\/span> et dans ce sens, nous produisons un rapport pour faire un bilan de nos engagements RSE sur l\u2019ann\u00e9e<\/span><\/p><p><strong><a class=\"button small color8 round\" href=\"https:\/\/www.unglobalcompact.org\/what-is-gc\/participants\/69531-CoPrime\" target=\"_blank\" rel=\"noopener\" data-cp-link=\"1\" data-icon=\"\">Rapport CoPrime<\/a><\/strong><\/p><\/div><div class=\"col-sm-6\"><p><a class=\"\" href=\"https:\/\/www.crepi.org\" target=\"_blank\" rel=\"noopener\" data-cp-link=\"1\"><img decoding=\"async\" class=\"custom-image\" title=\"coprime crepi logo\" src=\"https:\/\/www.coprime.fr\/wp-content\/uploads\/2022\/10\/coprime-crepi-logo-1.jpg\" alt=\"\" \/><\/a><\/p><p>CoPrime est aussi une entreprise engag\u00e9e ! Nous sommes <span style=\"font-weight: bold;\">membres du r\u00e9seau CREPI<\/span>, r\u00e9seau national dont l\u2019objectif est d\u2019aider les chercheurs d\u2019emploi par le biais de rencontres avec les entreprise du territoire .<\/p><p><strong><a class=\"button small color8 round\" href=\"http:\/\/www.reseau-lepc.fr\/nos-actualites\/ce-sera-une-vraie-joie-une-vraie-ambition-pour-l-equipe-que-de-donner-confiance-a\" target=\"_blank\" rel=\"noopener\" data-cp-link=\"1\" data-icon=\"\">Pourquoi CoPrime s\u2019est engag\u00e9e<\/a><\/strong><\/p><\/div><\/div><\/div><div class=\"col-sm-6 flexbox around-xs top-xs space-bottom-xs\"><div class=\"overlay-box flexbox middle-xs center-xs overlay-holder\"><div class=\"overlay-box-offset offset-background shadow-medium bg-color2 hide-xs\">\u00a0<\/div><p><img decoding=\"async\" class=\"flexbox shadow-large img1 alignnone\" title=\"Boussole\" src=\"https:\/\/www.coprime.fr\/wp-content\/uploads\/2022\/03\/Boussole.gif\" alt=\"coprime boussole guidance\" data-size=\"485x632\" \/><\/p><\/div><\/div><\/div>\t\t\t\t\t\t\t\t<\/div>\n\t\t\t\t<\/div>\n\t\t\t\t\t<\/div>\n\t\t<\/div>\n\t\t\t\t\t<\/div>\n\t\t<\/section>\n\t\t\t\t<\/div>\n\t\t","protected":false},"excerpt":{"rendered":"<p>Parce que les valeurs RSE sont source de sens et conditionnent nos actions et nos engagements, nous souhaitons les partager avec vousPour les valeurs RSE que l\u2019on souhaite partager, pour l\u2019exigence et l\u2019excellence que nous recherchons pour nous et nos clients, pour le respect des principes de l\u00e9galit\u00e9 et des droits de l\u2019homme. Raison d&#8217;\u00eatre&hellip; <br \/> <a class=\"read-more\" href=\"https:\/\/www.coprime.fr\/en\/notre-culture\/\">Read more<\/a><\/p>\n","protected":false},"author":6,"featured_media":0,"parent":0,"menu_order":0,"comment_status":"closed","ping_status":"closed","template":"","meta":{"_kadence_starter_templates_imported_post":false,"footnotes":""},"class_list":["post-2080","page","type-page","status-publish","hentry"],"_links":{"self":[{"href":"https:\/\/www.coprime.fr\/en\/wp-json\/wp\/v2\/pages\/2080","targetHints":{"allow":["GET"]}}],"collection":[{"href":"https:\/\/www.coprime.fr\/en\/wp-json\/wp\/v2\/pages"}],"about":[{"href":"https:\/\/www.coprime.fr\/en\/wp-json\/wp\/v2\/types\/page"}],"author":[{"embeddable":true,"href":"https:\/\/www.coprime.fr\/en\/wp-json\/wp\/v2\/users\/6"}],"replies":[{"embeddable":true,"href":"https:\/\/www.coprime.fr\/en\/wp-json\/wp\/v2\/comments?post=2080"}],"version-history":[{"count":53,"href":"https:\/\/www.coprime.fr\/en\/wp-json\/wp\/v2\/pages\/2080\/revisions"}],"predecessor-version":[{"id":6162,"href":"https:\/\/www.coprime.fr\/en\/wp-json\/wp\/v2\/pages\/2080\/revisions\/6162"}],"wp:attachment":[{"href":"https:\/\/www.coprime.fr\/en\/wp-json\/wp\/v2\/media?parent=2080"}],"curies":[{"name":"wp","href":"https:\/\/api.w.org\/{rel}","templated":true}]}}